{"id":3624,"date":"2025-03-04T21:29:59","date_gmt":"2025-03-04T21:29:59","guid":{"rendered":"https:\/\/julyhealth.com\/therapy-thank-you-2\/"},"modified":"2025-12-19T00:10:36","modified_gmt":"2025-12-19T00:10:36","slug":"therapie-merci","status":"publish","type":"page","link":"https:\/\/julyhealth.com\/fr\/therapie-merci\/","title":{"rendered":"Merci &#8211; Th\u00e9rapie"},"content":{"rendered":"\n<section class=\"block hero-split padding-top-lg padding-bottom-lg bg-color-primary-dark media-type-inner\">\n            <div class=\"container\">\n        \n<div class=\"wrapper\">\n\n    <div class=\"content-wrapper\">\n        \n        <div class=\"text-column\">\n            \n                            <h2 class=\"heading-2x\">Merci pour votre r\u00e9servation<\/h2>\n            \n                            <div class=\"text-container\">\n                    <p>Nous sommes ravis que vous ayez franchi cette \u00e9tape. Votre rendez-vous est officiellement confirm\u00e9\u00a0!<\/p>\n<p>&nbsp;<\/p>\n<p><strong>Restons connect\u00e9s<\/strong><\/p>\n<p>En attendant, d\u00e9couvrez-nous sur Instagram <a href=\"https:\/\/www.instagram.com\/julyhealthclinic\">@julyhealthclinic<\/a><\/p>\n<p>&nbsp;<\/p>\n<p>Nous y partageons du contenu sur la nutrition et la sant\u00e9 mentale, ainsi que les coulisses de notre aventure\u00a0: la cr\u00e9ation de cette clinique virtuelle en temps r\u00e9el.<\/p>\n<p>&nbsp;<\/p>\n<p><strong>\u00c0 quoi s\u2019attendre<\/strong><\/p>\n<p>Nous vous avons envoy\u00e9 un e-mail de confirmation.<\/p>\n<p>&nbsp;<\/p>\n<p>Vous recevrez des formulaires \u00e0 remplir avant votre rendez-vous, ainsi qu\u2019une invitation \u00e0 cr\u00e9er un compte sur votre plateforme de t\u00e9l\u00e9m\u00e9decine. Cette \u00e9tape est indispensable pour la consultation vid\u00e9o.<\/p>\n<p>&nbsp;<\/p>\n<p>Si vous avez des questions avant votre appel ou si vous souhaitez apporter des modifications, n\u2019h\u00e9sitez pas \u00e0 nous contacter \u00e0 tout moment \u00e0 l\u2019adresse <strong>clinic@julyhealth.com<\/strong><\/p>\n<p>&nbsp;<\/p>\n<p>Nous avons h\u00e2te de vous rencontrer\u00a0!<\/p>\n                <\/div>\n            \n                    <\/div>\n\n                    <div class=\"inner-media-column\">\n                                    <img decoding=\"async\" src=\"https:\/\/julyhealth.com\/wp-content\/uploads\/2025\/03\/still-unsure-phone-booth.webp\" alt=\"Phone booth\" fetchpriority=\"high\">\n                \n                            <\/div>\n        \n    <\/div>\n\n    <\/div>\n    <\/div>\n<\/section>\n","protected":false},"excerpt":{"rendered":"","protected":false},"author":1,"featured_media":0,"parent":0,"menu_order":0,"comment_status":"closed","ping_status":"closed","template":"","meta":{"_acf_changed":false,"footnotes":""},"class_list":["post-3624","page","type-page","status-publish","hentry"],"acf":[],"_links":{"self":[{"href":"https:\/\/julyhealth.com\/fr\/wp-json\/wp\/v2\/pages\/3624","targetHints":{"allow":["GET"]}}],"collection":[{"href":"https:\/\/julyhealth.com\/fr\/wp-json\/wp\/v2\/pages"}],"about":[{"href":"https:\/\/julyhealth.com\/fr\/wp-json\/wp\/v2\/types\/page"}],"author":[{"embeddable":true,"href":"https:\/\/julyhealth.com\/fr\/wp-json\/wp\/v2\/users\/1"}],"replies":[{"embeddable":true,"href":"https:\/\/julyhealth.com\/fr\/wp-json\/wp\/v2\/comments?post=3624"}],"version-history":[{"count":3,"href":"https:\/\/julyhealth.com\/fr\/wp-json\/wp\/v2\/pages\/3624\/revisions"}],"predecessor-version":[{"id":4141,"href":"https:\/\/julyhealth.com\/fr\/wp-json\/wp\/v2\/pages\/3624\/revisions\/4141"}],"wp:attachment":[{"href":"https:\/\/julyhealth.com\/fr\/wp-json\/wp\/v2\/media?parent=3624"}],"curies":[{"name":"wp","href":"https:\/\/api.w.org\/{rel}","templated":true}]}}